{"id":1373,"date":"2025-01-02T20:48:16","date_gmt":"2025-01-02T20:48:16","guid":{"rendered":"https:\/\/otemplo.pt\/?page_id=1373"},"modified":"2025-06-26T13:43:27","modified_gmt":"2025-06-26T12:43:27","slug":"eventos","status":"publish","type":"page","link":"https:\/\/otemplo.pt\/en\/eventos\/","title":{"rendered":"Events"},"content":{"rendered":"<div data-elementor-type=\"wp-page\" data-elementor-id=\"1373\" class=\"elementor elementor-1373\">\n\t\t\t\t\t\t<section class=\"elementor-section elementor-top-section elementor-element elementor-element-e7ddc7a elementor-section-height-min-height elementor-section-items-stretch elementor-section-content-bottom elementor-section-full_width elementor-section-height-default\" data-id=\"e7ddc7a\" data-element_type=\"section\" data-e-type=\"section\" data-settings=\"{&quot;background_background&quot;:&quot;classic&quot;}\">\n\t\t\t\t\t\t\t<div class=\"elementor-background-overlay\"><\/div>\n\t\t\t\t\t\t\t<div class=\"elementor-container elementor-column-gap-no\">\n\t\t\t\t\t<div class=\"aux-parallax-section elementor-column elementor-col-100 elementor-top-column elementor-element elementor-element-25702b0\" data-id=\"25702b0\" data-element_type=\"column\" data-e-type=\"column\">\n\t\t\t<div class=\"elementor-widget-wrap elementor-element-populated\">\n\t\t\t\t\t\t<div class=\"elementor-element elementor-element-f0e4468 aux-appear-watch-animation aux-fade-in-left-2 elementor-widget elementor-widget-aux_modern_heading\" data-id=\"f0e4468\" data-element_type=\"widget\" data-e-type=\"widget\" data-widget_type=\"aux_modern_heading.default\">\n\t\t\t\t<div class=\"elementor-widget-container\">\n\t\t\t\t\t<section class=\"aux-widget-modern-heading\">\n            <div class=\"aux-widget-inner\"><h2 class=\"aux-modern-heading-primary\">Events<\/h2><\/div>\n        <\/section>\t\t\t\t<\/div>\n\t\t\t\t<\/div>\n\t\t\t\t\t<\/div>\n\t\t<\/div>\n\t\t\t\t\t<\/div>\n\t\t<\/section>\n\t\t\t\t<section class=\"elementor-section elementor-top-section elementor-element elementor-element-492881b elementor-section-boxed elementor-section-height-default elementor-section-height-default\" data-id=\"492881b\" data-element_type=\"section\" data-e-type=\"section\">\n\t\t\t\t\t\t<div class=\"elementor-container elementor-column-gap-no\">\n\t\t\t\t\t<div class=\"aux-parallax-section elementor-column elementor-col-100 elementor-top-column elementor-element elementor-element-88362d2 aux-appear-watch-animation aux-fade-in-up-1\" data-id=\"88362d2\" data-element_type=\"column\" data-e-type=\"column\">\n\t\t\t<div class=\"elementor-widget-wrap elementor-element-populated\">\n\t\t\t\t\t\t<div class=\"elementor-element elementor-element-12d94fb elementor-widget elementor-widget-aux_recent_posts_masonry\" data-id=\"12d94fb\" data-element_type=\"widget\" data-e-type=\"widget\" data-settings=\"{&quot;columns&quot;:&quot;1&quot;,&quot;columns_tablet&quot;:&quot;inherit&quot;,&quot;columns_mobile&quot;:&quot;1&quot;}\" data-widget_type=\"aux_recent_posts_masonry.default\">\n\t\t\t\t<div class=\"elementor-widget-container\">\n\t\t\t\t\t<section class=\"widget-container aux-widget-recent-posts-masonry aux-column-post-entry aux-parent-au3259ac2b\"><div data-element-id=\"au3259ac2b\" class=\"aux-masonry-layout  aux-de-col1 aux-tb-col1 aux-mb-col1 aux-ajax-view\"><div class=\"aux-col aux-post-masonry post-2995\">\n                        <article class=\"post column-entry post-2995 type-post status-publish format-standard has-post-thumbnail hentry category-oseventos\">\n                                                        <div class=\"entry-media\"><div class=\"aux-media-frame aux-media-image aux-image-mask\"><a href=\"https:\/\/otemplo.pt\/en\/feriado\/\"><img decoding=\"async\" src=\"https:\/\/otemplo.pt\/wp-content\/uploads\/2025\/11\/260430-FER-TMP-feriado_02-820x1024.png\" class=\"aux-attachment aux-featured-image attachment-1024x1024 aux-attachment-id-3532\" alt=\"260430-FER-TMP-feriado_02\" srcset=\"https:\/\/otemplo.pt\/wp-content\/uploads\/2025\/11\/260430-FER-TMP-feriado_02-120x150.png 150w,https:\/\/otemplo.pt\/wp-content\/uploads\/2025\/11\/260430-FER-TMP-feriado_02-240x300.png 300w,https:\/\/otemplo.pt\/wp-content\/uploads\/2025\/11\/260430-FER-TMP-feriado_02-615x768.png 768w,https:\/\/otemplo.pt\/wp-content\/uploads\/2025\/11\/260430-FER-TMP-feriado_02-820x1024.png 1024w,https:\/\/otemplo.pt\/wp-content\/uploads\/2025\/11\/260430-FER-TMP-feriado_02-820x1024.png 1024w,https:\/\/otemplo.pt\/wp-content\/uploads\/2025\/11\/260430-FER-TMP-feriado_02-1622x1622.png 1622w\" data-ratio=\"1\" data-original-w=\"1632\" sizes=\"(max-width:479px) 480px,(max-width:767px) 768px,(max-width:1023px) 1024px,1024px\" \/><\/a><\/div><\/div>\n                            \n                            <div class=\"entry-main\">\n                                                        \n                                <header class=\"entry-header\">\n                                                                    <div class=\"entry-format\">\n                                        <a href=\"https:\/\/otemplo.pt\/en\/feriado\/\">\n                                            <div class=\"post-format format-\"> <\/div>\n                                        <\/a>\n                                    <\/div>\n                                <\/header>\n                            \n                                                        \n                            <\/div>\n\n                        <\/article>\n<\/div><div class=\"aux-col aux-post-masonry post-2933\">\n                        <article class=\"post column-entry post-2933 type-post status-publish format-standard has-post-thumbnail hentry category-oseventos\">\n                                                        <div class=\"entry-media\"><div class=\"aux-media-frame aux-media-image aux-image-mask\"><a href=\"https:\/\/otemplo.pt\/en\/sexta\/\"><img decoding=\"async\" src=\"https:\/\/otemplo.pt\/wp-content\/uploads\/2025\/11\/260501-SEX-TMP-ladies-femme-fatale_02-820x1024.png\" class=\"aux-attachment aux-featured-image attachment-1024x1024 aux-attachment-id-3522\" alt=\"260501-SEX-TMP-ladies-femme-fatale_02\" srcset=\"https:\/\/otemplo.pt\/wp-content\/uploads\/2025\/11\/260501-SEX-TMP-ladies-femme-fatale_02-120x150.png 150w,https:\/\/otemplo.pt\/wp-content\/uploads\/2025\/11\/260501-SEX-TMP-ladies-femme-fatale_02-240x300.png 300w,https:\/\/otemplo.pt\/wp-content\/uploads\/2025\/11\/260501-SEX-TMP-ladies-femme-fatale_02-615x768.png 768w,https:\/\/otemplo.pt\/wp-content\/uploads\/2025\/11\/260501-SEX-TMP-ladies-femme-fatale_02-820x1024.png 1024w,https:\/\/otemplo.pt\/wp-content\/uploads\/2025\/11\/260501-SEX-TMP-ladies-femme-fatale_02-820x1024.png 1024w,https:\/\/otemplo.pt\/wp-content\/uploads\/2025\/11\/260501-SEX-TMP-ladies-femme-fatale_02-1622x1622.png 1622w\" data-ratio=\"1\" data-original-w=\"1632\" sizes=\"(max-width:479px) 480px,(max-width:767px) 768px,(max-width:1023px) 1024px,1024px\" \/><\/a><\/div><\/div>\n                            \n                            <div class=\"entry-main\">\n                                                        \n                                <header class=\"entry-header\">\n                                                                    <div class=\"entry-format\">\n                                        <a href=\"https:\/\/otemplo.pt\/en\/sexta\/\">\n                                            <div class=\"post-format format-\"> <\/div>\n                                        <\/a>\n                                    <\/div>\n                                <\/header>\n                            \n                                                        \n                            <\/div>\n\n                        <\/article>\n<\/div><div class=\"aux-col aux-post-masonry post-2619\">\n                        <article class=\"post column-entry post-2619 type-post status-publish format-standard has-post-thumbnail hentry category-oseventos\">\n                                                        <div class=\"entry-media\"><div class=\"aux-media-frame aux-media-image aux-image-mask\"><a href=\"https:\/\/otemplo.pt\/en\/sabado\/\"><img decoding=\"async\" src=\"https:\/\/otemplo.pt\/wp-content\/uploads\/2025\/10\/260502-SAB-TMP-saints-and-sinners_02-820x1024.png\" class=\"aux-attachment aux-featured-image attachment-1024x1024 aux-attachment-id-3515\" alt=\"260502-SAB-TMP-saints-and-sinners_02\" srcset=\"https:\/\/otemplo.pt\/wp-content\/uploads\/2025\/10\/260502-SAB-TMP-saints-and-sinners_02-120x150.png 150w,https:\/\/otemplo.pt\/wp-content\/uploads\/2025\/10\/260502-SAB-TMP-saints-and-sinners_02-240x300.png 300w,https:\/\/otemplo.pt\/wp-content\/uploads\/2025\/10\/260502-SAB-TMP-saints-and-sinners_02-615x768.png 768w,https:\/\/otemplo.pt\/wp-content\/uploads\/2025\/10\/260502-SAB-TMP-saints-and-sinners_02-820x1024.png 1024w,https:\/\/otemplo.pt\/wp-content\/uploads\/2025\/10\/260502-SAB-TMP-saints-and-sinners_02-820x1024.png 1024w,https:\/\/otemplo.pt\/wp-content\/uploads\/2025\/10\/260502-SAB-TMP-saints-and-sinners_02-1622x1622.png 1622w\" data-ratio=\"1\" data-original-w=\"1632\" sizes=\"(max-width:479px) 480px,(max-width:767px) 768px,(max-width:1023px) 1024px,1024px\" \/><\/a><\/div><\/div>\n                            \n                            <div class=\"entry-main\">\n                                                        \n                                <header class=\"entry-header\">\n                                                                    <div class=\"entry-format\">\n                                        <a href=\"https:\/\/otemplo.pt\/en\/sabado\/\">\n                                            <div class=\"post-format format-\"> <\/div>\n                                        <\/a>\n                                    <\/div>\n                                <\/header>\n                            \n                                                        \n                            <\/div>\n\n                        <\/article>\n<\/div><div class=\"aux-col aux-post-masonry post-2533\">\n                        <article class=\"post column-entry post-2533 type-post status-publish format-standard has-post-thumbnail hentry category-oseventos\">\n                                                        <div class=\"entry-media\"><div class=\"aux-media-frame aux-media-image aux-image-mask\"><a href=\"https:\/\/otemplo.pt\/en\/domingo\/\"><img decoding=\"async\" src=\"https:\/\/otemplo.pt\/wp-content\/uploads\/2025\/10\/2605-DOMINGOS-TMP_02-820x1024.png\" class=\"aux-attachment aux-featured-image attachment-1024x1024 aux-attachment-id-3527\" alt=\"2605-DOMINGOS-TMP_02\" srcset=\"https:\/\/otemplo.pt\/wp-content\/uploads\/2025\/10\/2605-DOMINGOS-TMP_02-120x150.png 150w,https:\/\/otemplo.pt\/wp-content\/uploads\/2025\/10\/2605-DOMINGOS-TMP_02-240x300.png 300w,https:\/\/otemplo.pt\/wp-content\/uploads\/2025\/10\/2605-DOMINGOS-TMP_02-615x768.png 768w,https:\/\/otemplo.pt\/wp-content\/uploads\/2025\/10\/2605-DOMINGOS-TMP_02-820x1024.png 1024w,https:\/\/otemplo.pt\/wp-content\/uploads\/2025\/10\/2605-DOMINGOS-TMP_02-820x1024.png 1024w,https:\/\/otemplo.pt\/wp-content\/uploads\/2025\/10\/2605-DOMINGOS-TMP_02-1622x1622.png 1622w\" data-ratio=\"1\" data-original-w=\"1632\" sizes=\"(max-width:479px) 480px,(max-width:767px) 768px,(max-width:1023px) 1024px,1024px\" \/><\/a><\/div><\/div>\n                            \n                            <div class=\"entry-main\">\n                                                        \n                                <header class=\"entry-header\">\n                                                                    <div class=\"entry-format\">\n                                        <a href=\"https:\/\/otemplo.pt\/en\/domingo\/\">\n                                            <div class=\"post-format format-\"> <\/div>\n                                        <\/a>\n                                    <\/div>\n                                <\/header>\n                            \n                                                        \n                            <\/div>\n\n                        <\/article>\n<\/div><\/div><\/section><!-- widget-container -->\t\t\t\t<\/div>\n\t\t\t\t<\/div>\n\t\t\t\t\t<\/div>\n\t\t<\/div>\n\t\t\t\t\t<\/div>\n\t\t<\/section>\n\t\t\t\t<section class=\"elementor-section elementor-top-section elementor-element elementor-element-8002d8c elementor-section-height-min-height elementor-section-content-middle elementor-section-boxed elementor-section-height-default elementor-section-items-middle\" data-id=\"8002d8c\" data-element_type=\"section\" data-e-type=\"section\" data-settings=\"{&quot;background_background&quot;:&quot;classic&quot;}\">\n\t\t\t\t\t\t\t<div class=\"elementor-background-overlay\"><\/div>\n\t\t\t\t\t\t\t<div class=\"elementor-container elementor-column-gap-no\">\n\t\t\t\t\t<div class=\"aux-parallax-section elementor-column elementor-col-100 elementor-top-column elementor-element elementor-element-a448dea\" data-id=\"a448dea\" data-element_type=\"column\" data-e-type=\"column\">\n\t\t\t<div class=\"elementor-widget-wrap elementor-element-populated\">\n\t\t\t\t\t\t<section class=\"elementor-section elementor-inner-section elementor-element elementor-element-db3be3f elementor-section-boxed elementor-section-height-default elementor-section-height-default\" data-id=\"db3be3f\" data-element_type=\"section\" data-e-type=\"section\">\n\t\t\t\t\t\t<div class=\"elementor-container elementor-column-gap-default\">\n\t\t\t\t\t<div class=\"aux-parallax-section elementor-column elementor-col-33 elementor-inner-column elementor-element elementor-element-0524a8f\" data-id=\"0524a8f\" data-element_type=\"column\" data-e-type=\"column\">\n\t\t\t<div class=\"elementor-widget-wrap elementor-element-populated\">\n\t\t\t\t\t\t<div class=\"elementor-element elementor-element-1d052d8 elementor-view-default elementor-widget elementor-widget-icon\" data-id=\"1d052d8\" data-element_type=\"widget\" data-e-type=\"widget\" data-widget_type=\"icon.default\">\n\t\t\t\t<div class=\"elementor-widget-container\">\n\t\t\t\t\t\t\t<div class=\"elementor-icon-wrapper\">\n\t\t\t<div class=\"elementor-icon\">\n\t\t\t<i aria-hidden=\"true\" class=\"auxicon auxicon-clock-4\"><\/i>\t\t\t<\/div>\n\t\t<\/div>\n\t\t\t\t\t\t<\/div>\n\t\t\t\t<\/div>\n\t\t\t\t<div class=\"elementor-element elementor-element-020c963 elementor-widget elementor-widget-icon-box\" data-id=\"020c963\" data-element_type=\"widget\" data-e-type=\"widget\" data-widget_type=\"icon-box.default\">\n\t\t\t\t<div class=\"elementor-widget-container\">\n\t\t\t\t\t\t\t<div class=\"elementor-icon-box-wrapper\">\n\n\t\t\t\n\t\t\t\t\t\t<div class=\"elementor-icon-box-content\">\n\n\t\t\t\t\n\t\t\t\t\t\t\t\t\t<p class=\"elementor-icon-box-description\">\n\t\t\t\t\t\tFriday from 11pm to 5am<br>\nSaturday from 11pm to 6am<br>\nHoliday Eve from 11pm to 5am\t\t\t\t\t<\/p>\n\t\t\t\t\n\t\t\t<\/div>\n\t\t\t\n\t\t<\/div>\n\t\t\t\t\t\t<\/div>\n\t\t\t\t<\/div>\n\t\t\t\t\t<\/div>\n\t\t<\/div>\n\t\t\t\t<div class=\"aux-parallax-section elementor-column elementor-col-33 elementor-inner-column elementor-element elementor-element-c8467da\" data-id=\"c8467da\" data-element_type=\"column\" data-e-type=\"column\">\n\t\t\t<div class=\"elementor-widget-wrap elementor-element-populated\">\n\t\t\t\t\t\t<div class=\"elementor-element elementor-element-80f2749 elementor-view-default elementor-widget elementor-widget-icon\" data-id=\"80f2749\" data-element_type=\"widget\" data-e-type=\"widget\" data-widget_type=\"icon.default\">\n\t\t\t\t<div class=\"elementor-widget-container\">\n\t\t\t\t\t\t\t<div class=\"elementor-icon-wrapper\">\n\t\t\t<div class=\"elementor-icon\">\n\t\t\t<i aria-hidden=\"true\" class=\"fab fa-whatsapp\"><\/i>\t\t\t<\/div>\n\t\t<\/div>\n\t\t\t\t\t\t<\/div>\n\t\t\t\t<\/div>\n\t\t\t\t<div class=\"elementor-element elementor-element-59af402 elementor-align-center elementor-icon-list--layout-traditional elementor-list-item-link-full_width elementor-widget elementor-widget-icon-list\" data-id=\"59af402\" data-element_type=\"widget\" data-e-type=\"widget\" data-widget_type=\"icon-list.default\">\n\t\t\t\t<div class=\"elementor-widget-container\">\n\t\t\t\t\t\t\t<ul class=\"elementor-icon-list-items\">\n\t\t\t\t\t\t\t<li class=\"elementor-icon-list-item\">\n\t\t\t\t\t\t\t\t\t\t\t<a href=\"tel:+351912121836\">\n\n\t\t\t\t\t\t\t\t\t\t\t<span class=\"elementor-icon-list-text\">+351 912 121 836 *<br> <small>*national mobile network cost<\/small><\/span>\n\t\t\t\t\t\t\t\t\t\t\t<\/a>\n\t\t\t\t\t\t\t\t\t<\/li>\n\t\t\t\t\t\t\t\t<li class=\"elementor-icon-list-item\">\n\t\t\t\t\t\t\t\t\t\t\t<a href=\"https:\/\/wa.me\/351912121836\">\n\n\t\t\t\t\t\t\t\t\t\t\t\t<span class=\"elementor-icon-list-icon\">\n\t\t\t\t\t\t\t<i aria-hidden=\"true\" class=\"fab fa-whatsapp\"><\/i>\t\t\t\t\t\t<\/span>\n\t\t\t\t\t\t\t\t\t\t<span class=\"elementor-icon-list-text\">Whatsapp 351 912 121 836<\/span>\n\t\t\t\t\t\t\t\t\t\t\t<\/a>\n\t\t\t\t\t\t\t\t\t<\/li>\n\t\t\t\t\t\t<\/ul>\n\t\t\t\t\t\t<\/div>\n\t\t\t\t<\/div>\n\t\t\t\t\t<\/div>\n\t\t<\/div>\n\t\t\t\t<div class=\"aux-parallax-section elementor-column elementor-col-33 elementor-inner-column elementor-element elementor-element-9129649\" data-id=\"9129649\" data-element_type=\"column\" data-e-type=\"column\">\n\t\t\t<div class=\"elementor-widget-wrap elementor-element-populated\">\n\t\t\t\t\t\t<div class=\"elementor-element elementor-element-a38d88d elementor-widget elementor-widget-aux_menu_box\" data-id=\"a38d88d\" data-element_type=\"widget\" data-e-type=\"widget\" data-widget_type=\"aux_menu_box.default\">\n\t\t\t\t<div class=\"elementor-widget-container\">\n\t\t\t\t\t<div class=\"aux-elementor-header-menu aux-nav-menu-element aux-nav-menu-element-a38d88d\"><div class=\"aux-burger-box\" data-target-panel=\"toggle-bar\" data-target-content=\".elementor-element-a38d88d .aux-master-menu\"><div class=\"aux-burger aux-lite-small\"><span class=\"mid-line\"><\/span><\/div><\/div><!-- start master menu -->\n<nav id=\"master-menu-elementor-a38d88d\" class=\"menu-main-menu-container\">\n\n\t<ul id=\"menu-main-menu\" class=\"aux-master-menu aux-no-js aux-skin-classic aux-with-indicator aux-vertical\" data-type=\"vertical\"  data-switch-type=\"toggle\" data-switch-parent=\".elementor-element-a38d88d .aux-toggle-menu-bar\" data-switch-width=\"768\"  >\n\t\t<!-- start single menu -->\n\t\t<li id=\"menu-item-3163\" class=\"menu-item menu-item-type-post_type menu-item-object-page menu-item-3163 aux-menu-depth-0 aux-menu-root-1 aux-menu-item\">\n\t\t\t<a href=\"https:\/\/otemplo.pt\/en\/horarios\/\" class=\"aux-item-content\">\n\t\t\t\t<span class=\"aux-menu-label\">Time<\/span>\n\t\t\t<\/a>\n\t\t<\/li>\n\t\t<!-- end single menu -->\n\t\t<!-- start single menu -->\n\t\t<li id=\"menu-item-2385\" class=\"menu-item menu-item-type-post_type menu-item-object-page menu-item-2385 aux-menu-depth-0 aux-menu-root-2 aux-menu-item\">\n\t\t\t<a href=\"https:\/\/otemplo.pt\/en\/party-events\/\" class=\"aux-item-content\">\n\t\t\t\t<span class=\"aux-menu-label\">Party Events<\/span>\n\t\t\t<\/a>\n\t\t<\/li>\n\t\t<!-- end single menu -->\n\t\t<!-- start single menu -->\n\t\t<li id=\"menu-item-1545\" class=\"menu-item menu-item-type-post_type menu-item-object-page menu-item-1545 aux-menu-depth-0 aux-menu-root-3 aux-menu-item\">\n\t\t\t<a href=\"https:\/\/otemplo.pt\/en\/oclube\/\" class=\"aux-item-content\">\n\t\t\t\t<span class=\"aux-menu-label\">The Club<\/span>\n\t\t\t<\/a>\n\t\t<\/li>\n\t\t<!-- end single menu -->\n\t\t<!-- start single menu -->\n\t\t<li id=\"menu-item-2298\" class=\"menu-item menu-item-type-post_type menu-item-object-page menu-item-2298 aux-menu-depth-0 aux-menu-root-4 aux-menu-item\">\n\t\t\t<a href=\"https:\/\/otemplo.pt\/en\/regras\/\" class=\"aux-item-content\">\n\t\t\t\t<span class=\"aux-menu-label\">Rules<\/span>\n\t\t\t<\/a>\n\t\t<\/li>\n\t\t<!-- end single menu -->\n\t<\/ul>\n\n<\/nav>\n<!-- end master menu -->\n<div class=\"aux-toggle-menu-bar\"><\/div><\/div><style>@media only screen and (min-width: 769px) { .elementor-element-a38d88d .aux-burger-box { display: none } }<\/style>\t\t\t\t<\/div>\n\t\t\t\t<\/div>\n\t\t\t\t\t<\/div>\n\t\t<\/div>\n\t\t\t\t\t<\/div>\n\t\t<\/section>\n\t\t\t\t\t<\/div>\n\t\t<\/div>\n\t\t\t\t\t<\/div>\n\t\t<\/section>\n\t\t\t\t<\/div>","protected":false},"excerpt":{"rendered":"<p>Eventos Sexta das 23h \u00e0s 05h S\u00e1bado das 23h \u00e0s 06h V\u00e9sp. Feriado das 23h \u00e0s 05h +351 912 121 836 * *custo rede m\u00f3vel nacional Whatsapp 351 912 121 836 Registo Eventos No Clube Contactos<\/p>","protected":false},"author":1,"featured_media":0,"parent":0,"menu_order":0,"comment_status":"closed","ping_status":"closed","template":"templates\/page-builder-content.php","meta":{"footnotes":""},"class_list":["post-1373","page","type-page","status-publish","hentry"],"_links":{"self":[{"href":"https:\/\/otemplo.pt\/en\/wp-json\/wp\/v2\/pages\/1373","targetHints":{"allow":["GET"]}}],"collection":[{"href":"https:\/\/otemplo.pt\/en\/wp-json\/wp\/v2\/pages"}],"about":[{"href":"https:\/\/otemplo.pt\/en\/wp-json\/wp\/v2\/types\/page"}],"author":[{"embeddable":true,"href":"https:\/\/otemplo.pt\/en\/wp-json\/wp\/v2\/users\/1"}],"replies":[{"embeddable":true,"href":"https:\/\/otemplo.pt\/en\/wp-json\/wp\/v2\/comments?post=1373"}],"version-history":[{"count":63,"href":"https:\/\/otemplo.pt\/en\/wp-json\/wp\/v2\/pages\/1373\/revisions"}],"predecessor-version":[{"id":2046,"href":"https:\/\/otemplo.pt\/en\/wp-json\/wp\/v2\/pages\/1373\/revisions\/2046"}],"wp:attachment":[{"href":"https:\/\/otemplo.pt\/en\/wp-json\/wp\/v2\/media?parent=1373"}],"curies":[{"name":"wp","href":"https:\/\/api.w.org\/{rel}","templated":true}]}}