{"id":1779,"date":"2025-03-14T10:40:24","date_gmt":"2025-03-14T10:40:24","guid":{"rendered":"https:\/\/otemplo.pt\/?page_id=1779"},"modified":"2025-10-07T15:22:15","modified_gmt":"2025-10-07T14:22:15","slug":"gplus","status":"publish","type":"page","link":"https:\/\/otemplo.pt\/en\/gplus\/","title":{"rendered":"Vantagens em ser membro"},"content":{"rendered":"<div data-elementor-type=\"wp-page\" data-elementor-id=\"1779\" class=\"elementor elementor-1779\">\n\t\t\t\t\t\t<section class=\"elementor-section elementor-top-section elementor-element elementor-element-e7ddc7a elementor-section-height-min-height elementor-section-items-stretch elementor-section-content-bottom elementor-section-full_width elementor-section-height-default\" data-id=\"e7ddc7a\" data-element_type=\"section\" data-e-type=\"section\" data-settings=\"{&quot;background_background&quot;:&quot;classic&quot;}\">\n\t\t\t\t\t\t\t<div class=\"elementor-background-overlay\"><\/div>\n\t\t\t\t\t\t\t<div class=\"elementor-container elementor-column-gap-no\">\n\t\t\t\t\t<div class=\"aux-parallax-section elementor-column elementor-col-100 elementor-top-column elementor-element elementor-element-25702b0\" data-id=\"25702b0\" data-element_type=\"column\" data-e-type=\"column\">\n\t\t\t<div class=\"elementor-widget-wrap elementor-element-populated\">\n\t\t\t\t\t\t<div class=\"elementor-element elementor-element-f0e4468 aux-appear-watch-animation aux-fade-in-left-2 elementor-widget elementor-widget-aux_modern_heading\" data-id=\"f0e4468\" data-element_type=\"widget\" data-e-type=\"widget\" data-widget_type=\"aux_modern_heading.default\">\n\t\t\t\t<div class=\"elementor-widget-container\">\n\t\t\t\t\t<section class=\"aux-widget-modern-heading\">\n            <div class=\"aux-widget-inner\"><h2 class=\"aux-modern-heading-primary\">Vantagens em ser Membro<\/h2><\/div>\n        <\/section>\t\t\t\t<\/div>\n\t\t\t\t<\/div>\n\t\t\t\t\t<\/div>\n\t\t<\/div>\n\t\t\t\t\t<\/div>\n\t\t<\/section>\n\t\t\t\t<section class=\"elementor-section elementor-top-section elementor-element elementor-element-562622e elementor-section-boxed elementor-section-height-default elementor-section-height-default\" data-id=\"562622e\" data-element_type=\"section\" data-e-type=\"section\">\n\t\t\t\t\t\t<div class=\"elementor-container elementor-column-gap-default\">\n\t\t\t\t\t<div class=\"aux-parallax-section elementor-column elementor-col-100 elementor-top-column elementor-element elementor-element-971f6c9\" data-id=\"971f6c9\" data-element_type=\"column\" data-e-type=\"column\">\n\t\t\t<div class=\"elementor-widget-wrap elementor-element-populated\">\n\t\t\t\t\t\t<div class=\"elementor-element elementor-element-8546c08 elementor-widget elementor-widget-heading\" data-id=\"8546c08\" data-element_type=\"widget\" data-e-type=\"widget\" data-widget_type=\"heading.default\">\n\t\t\t\t<div class=\"elementor-widget-container\">\n\t\t\t\t\t<h3 class=\"elementor-heading-title elementor-size-default\">VANTAGENS ADERINDO AO G+<\/h3>\t\t\t\t<\/div>\n\t\t\t\t<\/div>\n\t\t\t\t<div class=\"elementor-element elementor-element-502fb28 elementor-widget-divider--view-line elementor-widget elementor-widget-divider\" data-id=\"502fb28\" data-element_type=\"widget\" data-e-type=\"widget\" data-widget_type=\"divider.default\">\n\t\t\t\t<div class=\"elementor-widget-container\">\n\t\t\t\t\t\t\t<div class=\"elementor-divider\">\n\t\t\t<span class=\"elementor-divider-separator\">\n\t\t\t\t\t\t<\/span>\n\t\t<\/div>\n\t\t\t\t\t\t<\/div>\n\t\t\t\t<\/div>\n\t\t\t\t<div class=\"elementor-element elementor-element-d0f5fc0 elementor-widget elementor-widget-text-editor\" data-id=\"d0f5fc0\" data-element_type=\"widget\" data-e-type=\"widget\" data-widget_type=\"text-editor.default\">\n\t\t\t\t<div class=\"elementor-widget-container\">\n\t\t\t\t\t\t\t\t\t<h3 style=\"text-align: justify;\">GClub Group- A Uni\u00e3o de 3 Clubes<\/h3><p style=\"text-align: justify;\"><span style=\"color: var( --e-global-color-text ); font-family: var( --e-global-typography-text-font-family ), Sans-serif; font-size: var( --e-global-typography-text-font-size ); font-weight: var( --e-global-typography-text-font-weight );\">Com a uni\u00e3o dos 3 clubes, e pelo conforto e seguran\u00e7a de todos, o GCLUB group \u00e9 pioneiro no registos de todos os frequentadores, reunimos as condi\u00e7\u00f5es de proporcionar aos nossos clientes as melhores condi\u00e7\u00f5es de forma a poderem viver plenamente o prazer do meio swinger e oferecendo vantagens \u00fanicas inigual\u00e1veis|.<\/span><\/p><p style=\"text-align: justify;\">Oferecemos condi\u00e7\u00f5es de acesso mais vantajosas a quem for mais que uma vez aos clubes na mesma semana, e para os fieis clientes ainda melhores condi\u00e7\u00f5es sob a forma de ades\u00e3o ao \u201cG+\u201d.<\/p><p style=\"text-align: justify;\">Oferecemos condi\u00e7\u00f5es de acesso mais vantajosas a quem for mais que uma vez aos clubes na mesma semana, e para os mais regulares ainda melhores condi\u00e7\u00f5es sob a forma de ades\u00e3o ao \u201cG+\u201d.<\/p><h1 style=\"font-family: 'Source Sans Pro', sans-serif; color: #7e7f7f; text-align: justify;\">Seja Membro &#8220;G+&#8221;<\/h1><ul><li><strong>Events \u20ac15 (Minimum consumption)<\/strong><\/li><\/ul><p>Passam todas as noites a ter apenas um consumo m\u00ednimo de 15\u20ac, independentemente do clube a que for e do dia que seja.<\/p><p>(*valor de consumo minimo obrigat\u00f3rio, contempla custos extra em noites especiais por exemplo: buffets, reveillon )<\/p><ul><li><strong>Bebidas ao melhor pre\u00e7o<\/strong><\/li><\/ul><p>As bebidas ficam ao melhor pre\u00e7o para os Aderentes G+ com um desconto de 20% em todas.<\/p><ul><li><strong>*FREE PASS mesma noite<\/strong><\/li><\/ul><p>Quem adere ao G+ pode visitar livremente os 3 clubes nas mesma noite em que apenas no primeiro ter\u00e1 o consumo minimo de 15\u20ac\u00a0<\/p><h3>Valores Ades\u00e3o G+<\/h3><p>As melhores vantagens para os nossos fieis clientes, com condi\u00e7\u00f5es especiais mediante uma ades\u00e3o com um custo reduzido.<\/p><p><strong>G+ 1 m\u00eas por 30\u20ac\u00a0<\/strong><\/p><p><strong>G+ 2 meses por 50\u20ac (fica 25\u20ac\/m\u00eas)<\/strong><\/p><p><strong>G+ 3 meses por 65\u20ac (fica 21,67\u20ac\/m\u00eas)<\/strong><\/p><p><strong>G+ 4 meses por 75\u20ac (fica 18,75\u20ac\/m\u00eas)<\/strong><\/p><p><a href=\"https:\/\/wa.me\/351912121836\" target=\"_blank\" rel=\"noopener\"><strong>Fale Connosco no Whatsapp para Aderir\u00a0<\/strong><\/a><\/p><p><strong>\u00a0<\/strong><\/p><p style=\"text-align: justify;\">\u00a0<\/p>\t\t\t\t\t\t\t\t<\/div>\n\t\t\t\t<\/div>\n\t\t\t\t<section class=\"elementor-section elementor-inner-section elementor-element elementor-element-a25a792 elementor-section-boxed elementor-section-height-default elementor-section-height-default\" data-id=\"a25a792\" data-element_type=\"section\" data-e-type=\"section\">\n\t\t\t\t\t\t<div class=\"elementor-container elementor-column-gap-default\">\n\t\t\t\t\t<div class=\"aux-parallax-section elementor-column elementor-col-33 elementor-inner-column elementor-element elementor-element-2cdfe69\" data-id=\"2cdfe69\" data-element_type=\"column\" data-e-type=\"column\">\n\t\t\t<div class=\"elementor-widget-wrap elementor-element-populated\">\n\t\t\t\t\t\t<div class=\"elementor-element elementor-element-3c06ff6 elementor-widget elementor-widget-image\" data-id=\"3c06ff6\" data-element_type=\"widget\" data-e-type=\"widget\" data-widget_type=\"image.default\">\n\t\t\t\t<div class=\"elementor-widget-container\">\n\t\t\t\t\t\t\t\t\t\t\t\t\t\t\t\t<a href=\"https:\/\/otemplo.pt\/en\/\" target=\"_blank\">\n\t\t\t\t\t\t\t<img fetchpriority=\"high\" decoding=\"async\" width=\"500\" height=\"500\" src=\"https:\/\/otemplo.pt\/wp-content\/uploads\/2025\/09\/logo_site-templo-1.png\" class=\"attachment-full size-full wp-image-2181\" alt=\"\" srcset=\"https:\/\/otemplo.pt\/wp-content\/uploads\/2025\/09\/logo_site-templo-1.png 500w, https:\/\/otemplo.pt\/wp-content\/uploads\/2025\/09\/logo_site-templo-1-300x300.png 300w, https:\/\/otemplo.pt\/wp-content\/uploads\/2025\/09\/logo_site-templo-1-150x150.png 150w, https:\/\/otemplo.pt\/wp-content\/uploads\/2025\/09\/logo_site-templo-1-12x12.png 12w, https:\/\/otemplo.pt\/wp-content\/uploads\/2025\/09\/logo_site-templo-1-200x200.png 200w\" sizes=\"(max-width: 500px) 100vw, 500px\" \/>\t\t\t\t\t\t\t\t<\/a>\n\t\t\t\t\t\t\t\t\t\t\t\t\t\t\t<\/div>\n\t\t\t\t<\/div>\n\t\t\t\t\t<\/div>\n\t\t<\/div>\n\t\t\t\t<div class=\"aux-parallax-section elementor-column elementor-col-33 elementor-inner-column elementor-element elementor-element-73dffcc\" data-id=\"73dffcc\" data-element_type=\"column\" data-e-type=\"column\">\n\t\t\t<div class=\"elementor-widget-wrap elementor-element-populated\">\n\t\t\t\t\t\t<div class=\"elementor-element elementor-element-a36285d elementor-widget elementor-widget-image\" data-id=\"a36285d\" data-element_type=\"widget\" data-e-type=\"widget\" data-widget_type=\"image.default\">\n\t\t\t\t<div class=\"elementor-widget-container\">\n\t\t\t\t\t\t\t\t\t\t\t\t\t\t\t\t<a href=\"https:\/\/glowclub.pt\/\" target=\"_blank\">\n\t\t\t\t\t\t\t<img decoding=\"async\" width=\"500\" height=\"500\" src=\"https:\/\/otemplo.pt\/wp-content\/uploads\/2025\/09\/logo_site_glow.png\" class=\"attachment-full size-full wp-image-2182\" alt=\"\" srcset=\"https:\/\/otemplo.pt\/wp-content\/uploads\/2025\/09\/logo_site_glow.png 500w, https:\/\/otemplo.pt\/wp-content\/uploads\/2025\/09\/logo_site_glow-300x300.png 300w, https:\/\/otemplo.pt\/wp-content\/uploads\/2025\/09\/logo_site_glow-150x150.png 150w, https:\/\/otemplo.pt\/wp-content\/uploads\/2025\/09\/logo_site_glow-12x12.png 12w, https:\/\/otemplo.pt\/wp-content\/uploads\/2025\/09\/logo_site_glow-200x200.png 200w\" sizes=\"(max-width: 500px) 100vw, 500px\" \/>\t\t\t\t\t\t\t\t<\/a>\n\t\t\t\t\t\t\t\t\t\t\t\t\t\t\t<\/div>\n\t\t\t\t<\/div>\n\t\t\t\t\t<\/div>\n\t\t<\/div>\n\t\t\t\t<div class=\"aux-parallax-section elementor-column elementor-col-33 elementor-inner-column elementor-element elementor-element-746cd74\" data-id=\"746cd74\" data-element_type=\"column\" data-e-type=\"column\">\n\t\t\t<div class=\"elementor-widget-wrap elementor-element-populated\">\n\t\t\t\t\t\t<div class=\"elementor-element elementor-element-a9da46f elementor-widget elementor-widget-image\" data-id=\"a9da46f\" data-element_type=\"widget\" data-e-type=\"widget\" data-widget_type=\"image.default\">\n\t\t\t\t<div class=\"elementor-widget-container\">\n\t\t\t\t\t\t\t\t\t\t\t\t\t\t\t\t<a href=\"https:\/\/key.com.pt\/\" target=\"_blank\">\n\t\t\t\t\t\t\t<img decoding=\"async\" width=\"500\" height=\"500\" src=\"https:\/\/otemplo.pt\/wp-content\/uploads\/2025\/09\/logo_site_key.png\" class=\"attachment-full size-full wp-image-2183\" alt=\"\" srcset=\"https:\/\/otemplo.pt\/wp-content\/uploads\/2025\/09\/logo_site_key.png 500w, https:\/\/otemplo.pt\/wp-content\/uploads\/2025\/09\/logo_site_key-300x300.png 300w, https:\/\/otemplo.pt\/wp-content\/uploads\/2025\/09\/logo_site_key-150x150.png 150w, https:\/\/otemplo.pt\/wp-content\/uploads\/2025\/09\/logo_site_key-12x12.png 12w, https:\/\/otemplo.pt\/wp-content\/uploads\/2025\/09\/logo_site_key-200x200.png 200w\" sizes=\"(max-width: 500px) 100vw, 500px\" \/>\t\t\t\t\t\t\t\t<\/a>\n\t\t\t\t\t\t\t\t\t\t\t\t\t\t\t<\/div>\n\t\t\t\t<\/div>\n\t\t\t\t\t<\/div>\n\t\t<\/div>\n\t\t\t\t\t<\/div>\n\t\t<\/section>\n\t\t\t\t\t<\/div>\n\t\t<\/div>\n\t\t\t\t\t<\/div>\n\t\t<\/section>\n\t\t\t\t<section class=\"elementor-section elementor-top-section elementor-element elementor-element-d6c8035 elementor-section-boxed elementor-section-height-default elementor-section-height-default\" data-id=\"d6c8035\" data-element_type=\"section\" data-e-type=\"section\">\n\t\t\t\t\t\t<div class=\"elementor-container elementor-column-gap-default\">\n\t\t\t\t\t<div class=\"aux-parallax-section elementor-column elementor-col-100 elementor-top-column elementor-element elementor-element-d5ede71\" data-id=\"d5ede71\" data-element_type=\"column\" data-e-type=\"column\">\n\t\t\t<div class=\"elementor-widget-wrap elementor-element-populated\">\n\t\t\t\t\t\t<div class=\"elementor-element elementor-element-abfe695 elementor-widget elementor-widget-heading\" data-id=\"abfe695\" data-element_type=\"widget\" data-e-type=\"widget\" data-widget_type=\"heading.default\">\n\t\t\t\t<div class=\"elementor-widget-container\">\n\t\t\t\t\t<h3 class=\"elementor-heading-title elementor-size-default\">AINDA N\u00c3O ADERIU AO G+ ??<\/h3>\t\t\t\t<\/div>\n\t\t\t\t<\/div>\n\t\t\t\t<div class=\"elementor-element elementor-element-81c7e9f elementor-widget-divider--view-line elementor-widget elementor-widget-divider\" data-id=\"81c7e9f\" data-element_type=\"widget\" data-e-type=\"widget\" data-widget_type=\"divider.default\">\n\t\t\t\t<div class=\"elementor-widget-container\">\n\t\t\t\t\t\t\t<div class=\"elementor-divider\">\n\t\t\t<span class=\"elementor-divider-separator\">\n\t\t\t\t\t\t<\/span>\n\t\t<\/div>\n\t\t\t\t\t\t<\/div>\n\t\t\t\t<\/div>\n\t\t\t\t<div class=\"elementor-element elementor-element-3dcbd82 elementor-widget elementor-widget-text-editor\" data-id=\"3dcbd82\" data-element_type=\"widget\" data-e-type=\"widget\" data-widget_type=\"text-editor.default\">\n\t\t\t\t<div class=\"elementor-widget-container\">\n\t\t\t\t\t\t\t\t\t<h3 style=\"text-align: justify;\">Outras Vantagens (Sem Ades\u00e3o G+ )<\/h3><ul><li style=\"text-align: justify;\"><h3><strong>Mesma Semana, V\u00e1rias Sa\u00eddas<\/strong><\/h3><\/li><\/ul><p style=\"text-align: justify;\">Para quem sair mais que uma vez por semana!<\/p><p style=\"text-align: justify;\">*As seguintes sa\u00eddas na mesma semana por apenas por 20\u20ac*(consum\u00edveis)<\/p><p style=\"text-align: justify;\">*Por exemplo: *<\/p><p style=\"text-align: justify;\">Vai quarta ao Glow pagando o consumo m\u00ednimo de 20\u20ac, pode ir sexta e\/ou s\u00e1bado a qualquer dos clubes com consumo m\u00ednimo 20\u20ac.\u00a0<\/p><p style=\"text-align: justify;\">Sendo a excep\u00e7\u00e3o apenas \u201cSpecial Events\u201d anunciados.<\/p><ul><li style=\"text-align: justify;\"><h3><strong>Mesma noite, segundo clube<\/strong><\/h3><\/li><\/ul><p style=\"text-align: justify;\">Os nossos clientes podem mudar de clube na pr\u00f3pria noite, tendo no segundo clube um consumo m\u00ednimo de apenas 15\u20ac<\/p><p style=\"text-align: justify;\">*Todas as Ofertas s\u00e3o aplicadas nos 3 clubes\u00a0<\/p><p style=\"text-align: justify;\">*Valores apresentados para casais, singles F o valor \u00e9 metade, singles H n\u00e3o se aplica\u00a0<\/p>\t\t\t\t\t\t\t\t<\/div>\n\t\t\t\t<\/div>\n\t\t\t\t<section class=\"elementor-section elementor-inner-section elementor-element elementor-element-6547f7b elementor-section-boxed elementor-section-height-default elementor-section-height-default\" data-id=\"6547f7b\" data-element_type=\"section\" data-e-type=\"section\">\n\t\t\t\t\t\t<div class=\"elementor-container elementor-column-gap-default\">\n\t\t\t\t\t<div class=\"aux-parallax-section elementor-column elementor-col-33 elementor-inner-column elementor-element elementor-element-6dad586\" data-id=\"6dad586\" data-element_type=\"column\" data-e-type=\"column\">\n\t\t\t<div class=\"elementor-widget-wrap elementor-element-populated\">\n\t\t\t\t\t\t<div class=\"elementor-element elementor-element-69a5eec elementor-widget elementor-widget-image\" data-id=\"69a5eec\" data-element_type=\"widget\" data-e-type=\"widget\" data-widget_type=\"image.default\">\n\t\t\t\t<div class=\"elementor-widget-container\">\n\t\t\t\t\t\t\t\t\t\t\t\t\t\t\t\t<a href=\"https:\/\/otemplo.pt\/en\/\" target=\"_blank\">\n\t\t\t\t\t\t\t<img fetchpriority=\"high\" decoding=\"async\" width=\"500\" height=\"500\" src=\"https:\/\/otemplo.pt\/wp-content\/uploads\/2025\/09\/logo_site-templo-1.png\" class=\"attachment-full size-full wp-image-2181\" alt=\"\" srcset=\"https:\/\/otemplo.pt\/wp-content\/uploads\/2025\/09\/logo_site-templo-1.png 500w, https:\/\/otemplo.pt\/wp-content\/uploads\/2025\/09\/logo_site-templo-1-300x300.png 300w, https:\/\/otemplo.pt\/wp-content\/uploads\/2025\/09\/logo_site-templo-1-150x150.png 150w, https:\/\/otemplo.pt\/wp-content\/uploads\/2025\/09\/logo_site-templo-1-12x12.png 12w, https:\/\/otemplo.pt\/wp-content\/uploads\/2025\/09\/logo_site-templo-1-200x200.png 200w\" sizes=\"(max-width: 500px) 100vw, 500px\" \/>\t\t\t\t\t\t\t\t<\/a>\n\t\t\t\t\t\t\t\t\t\t\t\t\t\t\t<\/div>\n\t\t\t\t<\/div>\n\t\t\t\t\t<\/div>\n\t\t<\/div>\n\t\t\t\t<div class=\"aux-parallax-section elementor-column elementor-col-33 elementor-inner-column elementor-element elementor-element-00bf3a0\" data-id=\"00bf3a0\" data-element_type=\"column\" data-e-type=\"column\">\n\t\t\t<div class=\"elementor-widget-wrap elementor-element-populated\">\n\t\t\t\t\t\t<div class=\"elementor-element elementor-element-daee9d6 elementor-widget elementor-widget-image\" data-id=\"daee9d6\" data-element_type=\"widget\" data-e-type=\"widget\" data-widget_type=\"image.default\">\n\t\t\t\t<div class=\"elementor-widget-container\">\n\t\t\t\t\t\t\t\t\t\t\t\t\t\t\t\t<a href=\"https:\/\/glowclub.pt\/\" target=\"_blank\">\n\t\t\t\t\t\t\t<img decoding=\"async\" width=\"500\" height=\"500\" src=\"https:\/\/otemplo.pt\/wp-content\/uploads\/2025\/09\/logo_site_glow.png\" class=\"attachment-full size-full wp-image-2182\" alt=\"\" srcset=\"https:\/\/otemplo.pt\/wp-content\/uploads\/2025\/09\/logo_site_glow.png 500w, https:\/\/otemplo.pt\/wp-content\/uploads\/2025\/09\/logo_site_glow-300x300.png 300w, https:\/\/otemplo.pt\/wp-content\/uploads\/2025\/09\/logo_site_glow-150x150.png 150w, https:\/\/otemplo.pt\/wp-content\/uploads\/2025\/09\/logo_site_glow-12x12.png 12w, https:\/\/otemplo.pt\/wp-content\/uploads\/2025\/09\/logo_site_glow-200x200.png 200w\" sizes=\"(max-width: 500px) 100vw, 500px\" \/>\t\t\t\t\t\t\t\t<\/a>\n\t\t\t\t\t\t\t\t\t\t\t\t\t\t\t<\/div>\n\t\t\t\t<\/div>\n\t\t\t\t\t<\/div>\n\t\t<\/div>\n\t\t\t\t<div class=\"aux-parallax-section elementor-column elementor-col-33 elementor-inner-column elementor-element elementor-element-e00fb67\" data-id=\"e00fb67\" data-element_type=\"column\" data-e-type=\"column\">\n\t\t\t<div class=\"elementor-widget-wrap elementor-element-populated\">\n\t\t\t\t\t\t<div class=\"elementor-element elementor-element-9b45574 elementor-widget elementor-widget-image\" data-id=\"9b45574\" data-element_type=\"widget\" data-e-type=\"widget\" data-widget_type=\"image.default\">\n\t\t\t\t<div class=\"elementor-widget-container\">\n\t\t\t\t\t\t\t\t\t\t\t\t\t\t\t\t<a href=\"https:\/\/key.com.pt\/\" target=\"_blank\">\n\t\t\t\t\t\t\t<img decoding=\"async\" width=\"500\" height=\"500\" src=\"https:\/\/otemplo.pt\/wp-content\/uploads\/2025\/09\/logo_site_key.png\" class=\"attachment-full size-full wp-image-2183\" alt=\"\" srcset=\"https:\/\/otemplo.pt\/wp-content\/uploads\/2025\/09\/logo_site_key.png 500w, https:\/\/otemplo.pt\/wp-content\/uploads\/2025\/09\/logo_site_key-300x300.png 300w, https:\/\/otemplo.pt\/wp-content\/uploads\/2025\/09\/logo_site_key-150x150.png 150w, https:\/\/otemplo.pt\/wp-content\/uploads\/2025\/09\/logo_site_key-12x12.png 12w, https:\/\/otemplo.pt\/wp-content\/uploads\/2025\/09\/logo_site_key-200x200.png 200w\" sizes=\"(max-width: 500px) 100vw, 500px\" \/>\t\t\t\t\t\t\t\t<\/a>\n\t\t\t\t\t\t\t\t\t\t\t\t\t\t\t<\/div>\n\t\t\t\t<\/div>\n\t\t\t\t\t<\/div>\n\t\t<\/div>\n\t\t\t\t\t<\/div>\n\t\t<\/section>\n\t\t\t\t\t<\/div>\n\t\t<\/div>\n\t\t\t\t\t<\/div>\n\t\t<\/section>\n\t\t\t\t<section class=\"elementor-section elementor-top-section elementor-element elementor-element-8002d8c elementor-section-height-min-height elementor-section-content-middle elementor-section-boxed elementor-section-height-default elementor-section-items-middle\" data-id=\"8002d8c\" data-element_type=\"section\" data-e-type=\"section\" data-settings=\"{&quot;background_background&quot;:&quot;classic&quot;}\">\n\t\t\t\t\t\t\t<div class=\"elementor-background-overlay\"><\/div>\n\t\t\t\t\t\t\t<div class=\"elementor-container elementor-column-gap-no\">\n\t\t\t\t\t<div class=\"aux-parallax-section elementor-column elementor-col-100 elementor-top-column elementor-element elementor-element-a448dea\" data-id=\"a448dea\" data-element_type=\"column\" data-e-type=\"column\">\n\t\t\t<div class=\"elementor-widget-wrap\">\n\t\t\t\t\t\t\t<\/div>\n\t\t<\/div>\n\t\t\t\t\t<\/div>\n\t\t<\/section>\n\t\t\t\t<\/div>","protected":false},"excerpt":{"rendered":"<p>Vantagens em ser Membro VANTAGENS ADERINDO AO G+ GClub Group- A Uni\u00e3o de 3 Clubes Com a uni\u00e3o dos 3 clubes, e pelo conforto e seguran\u00e7a de todos, o GCLUB group \u00e9 pioneiro no registos de todos os frequentadores, reunimos as condi\u00e7\u00f5es de proporcionar aos nossos clientes as melhores condi\u00e7\u00f5es de forma a poderem viver [&hellip;]<\/p>","protected":false},"author":1,"featured_media":0,"parent":0,"menu_order":0,"comment_status":"closed","ping_status":"closed","template":"templates\/page-builder-content.php","meta":{"footnotes":""},"class_list":["post-1779","page","type-page","status-publish","hentry"],"_links":{"self":[{"href":"https:\/\/otemplo.pt\/en\/wp-json\/wp\/v2\/pages\/1779","targetHints":{"allow":["GET"]}}],"collection":[{"href":"https:\/\/otemplo.pt\/en\/wp-json\/wp\/v2\/pages"}],"about":[{"href":"https:\/\/otemplo.pt\/en\/wp-json\/wp\/v2\/types\/page"}],"author":[{"embeddable":true,"href":"https:\/\/otemplo.pt\/en\/wp-json\/wp\/v2\/users\/1"}],"replies":[{"embeddable":true,"href":"https:\/\/otemplo.pt\/en\/wp-json\/wp\/v2\/comments?post=1779"}],"version-history":[{"count":11,"href":"https:\/\/otemplo.pt\/en\/wp-json\/wp\/v2\/pages\/1779\/revisions"}],"predecessor-version":[{"id":2435,"href":"https:\/\/otemplo.pt\/en\/wp-json\/wp\/v2\/pages\/1779\/revisions\/2435"}],"wp:attachment":[{"href":"https:\/\/otemplo.pt\/en\/wp-json\/wp\/v2\/media?parent=1779"}],"curies":[{"name":"wp","href":"https:\/\/api.w.org\/{rel}","templated":true}]}}