{"id":2349,"date":"2025-10-01T14:21:57","date_gmt":"2025-10-01T13:21:57","guid":{"rendered":"https:\/\/otemplo.pt\/?page_id=2349"},"modified":"2025-10-09T16:25:33","modified_gmt":"2025-10-09T15:25:33","slug":"party-events","status":"publish","type":"page","link":"https:\/\/otemplo.pt\/en\/party-events\/","title":{"rendered":"Party Events"},"content":{"rendered":"<div data-elementor-type=\"wp-page\" data-elementor-id=\"2349\" class=\"elementor elementor-2349\">\n\t\t\t\t\t\t<section class=\"elementor-section elementor-top-section elementor-element elementor-element-5bd3aca elementor-section-height-min-height elementor-section-items-top elementor-section-content-top elementor-section-boxed elementor-section-height-default\" data-id=\"5bd3aca\" data-element_type=\"section\" data-e-type=\"section\" data-settings=\"{&quot;background_background&quot;:&quot;classic&quot;}\">\n\t\t\t\t\t\t\t<div class=\"elementor-background-overlay\"><\/div>\n\t\t\t\t\t\t\t<div class=\"elementor-container elementor-column-gap-no\">\n\t\t\t\t\t<div class=\"aux-parallax-section elementor-column elementor-col-100 elementor-top-column elementor-element elementor-element-b3cf5cb\" data-id=\"b3cf5cb\" data-element_type=\"column\" data-e-type=\"column\">\n\t\t\t<div class=\"elementor-widget-wrap elementor-element-populated\">\n\t\t\t\t\t\t<div class=\"elementor-element elementor-element-9af08d2 elementor-widget__width-inherit elementor-widget elementor-widget-html\" data-id=\"9af08d2\" data-element_type=\"widget\" data-e-type=\"widget\" data-widget_type=\"html.default\">\n\t\t\t\t<div class=\"elementor-widget-container\">\n\t\t\t\t\t<style>\r\n    *, *::before, *::after {\r\n  box-sizing: border-box;\r\n  -webkit-font-smoothing: antialiased;\r\n  -moz-osx-font-smoothing: grayscale;\r\n}\r\n\r\nhtml, body {\r\n  margin: 0;\r\n  height: 100%;\r\n}\r\n\r\n:root {\r\n  --white: #fff;\r\n  --dark-blue: #264065;\r\n  --black: #070d15;\r\n  --gray-2: #909090;\r\n  --brand: #0cb6c2;\r\n\r\n  --font-coco: \"coco-cond-lit\", Helvetica, Arial, sans-serif;\r\n  --font-poppins: \"Poppins\", Helvetica, Arial, sans-serif;\r\n\r\n  \/* Mobile-first sizes *\/\r\n  --fs-h1: 2rem;   \/* 32 *\/\r\n  --fs-h2: 1.25rem;\/* 20 *\/\r\n  --fs-h3: 1.5rem; \/* 24 *\/\r\n  --fs-body: 1rem; \/* 16 *\/\r\n  --fs-button: 1.125rem; \/* 18 *\/\r\n\r\n  --space-xs: 8px;\r\n  --space-sm: 16px;\r\n  --space-md: 24px;\r\n  --space-lg: 32px;\r\n  --space-xl: 48px;\r\n\r\n  --radius-md: 16px;\r\n  --radius-lg: 32px;\r\n\r\n  --shadow-text: 2px 4px 4px rgba(0,0,0,0.25);\r\n}\r\n\r\na { text-decoration: none; }\r\nbutton { cursor: pointer; background: none; border: none; }\r\nbutton:focus-visible { outline: 2px solid var(--brand); outline-offset: 2px; }\r\n\r\n\/* Container *\/\r\n.templo-hero {\r\n  position: relative;\r\n  width: 100%;\r\n  min-height: 100vh;\r\n  height: auto !important;\r\n  overflow: visible !important;\r\n  background: transparent;\r\n}\r\n\r\n.templo-hero h2 {\r\n    margin: 0;\r\n}\r\n\r\n\/* Blue accent rectangle block (background) *\/\r\n.templo-hero .accent-rect {\r\n  position: absolute;\r\n  top: 0;\r\n  left: 0;\r\n  width: 1920px;\r\n  height: 80vh;\r\n  display: none; \/* default hidden on mobile *\/\r\n}\r\n\r\n.templo-hero .accent-rect::before {\r\n  content: \"\";\r\n  position: absolute;\r\n  background: var(--brand);\r\n  display: block;\r\n}\r\n\r\n\/* Decorative background image (local asset) *\/\r\n.templo-hero .templo-well-bkg {\r\n  position: absolute;\r\n  top: 15%;\r\n  right: -15%;\r\n  width: 75%;\r\n  height: 70vh;\r\n  object-fit: cover;\r\n  opacity: .4;\r\n  z-index: 1;\r\n}\r\n\r\n\/* Title + CTA *\/\r\n.templo-hero .title {\r\n  position: relative;\r\n  padding: var(--space-lg) var(--space-sm) var(--space-xl);\r\n  width: 811px;\r\n  z-index: 2;\r\n}\r\n\r\n.templo-hero .culto-de-prazer-ref {\r\n  font-family: var(--font-coco);\r\n  font-weight: 500;\r\n  font-size: var(--fs-h1);\r\n  line-height: 1.2;\r\n  color: var(--brand);\r\n  text-shadow: var(--shadow-text);\r\n  margin: 0 0 var(--space-lg) 0;\r\n}\r\n\r\n.templo-hero .button .div-wrapper {\r\n  display: inline-flex;\r\n  align-items: center;\r\n  justify-content: center;\r\n  height: 50px;\r\n  padding: 0 var(--space-sm);\r\n  background: var(--dark-blue);\r\n  color: var(--white);\r\n  border-radius: var(--radius-lg);\r\n  transition: all .2s ease;\r\n}\r\n.templo-hero .button:hover .div-wrapper { background: var(--brand); transform: translateY(-2px); }\r\n.templo-hero .button:active .div-wrapper { transform: translateY(0); }\r\n.templo-hero .text-wrapper { font-family: var(--font-coco); font-weight: 300; font-size: var(--fs-button); }\r\n\r\n\/* Testimony *\/\r\n.templo-hero .testimony { position: static; z-index: 2; }\r\n\r\n.templo-hero .text,\r\n.templo-hero .text-2 {\r\n  width: 100%;\r\n  max-width: 350px;\r\n  display: flex;\r\n  flex-direction: column;\r\n  gap: var(--space-xs);\r\n  padding: var(--space-md);\r\n  background: rgba(255,255,255,.5);\r\n  border-radius: var(--radius-md);\r\n  -webkit-backdrop-filter: blur(8px) brightness(100%);\r\n  backdrop-filter: blur(8px) brightness(100%);\r\n  z-index: 4; \/* ensure cards are above items and background *\/\r\n}\r\n\r\n.templo-hero .image { width: 28px; height: 18px; }\r\n.templo-hero .div { font-family: var(--font-coco); font-weight: 300; font-size: var(--fs-h2); color: var(--dark-blue); }\r\n.templo-hero .p { font-family: var(--font-poppins); font-size: var(--fs-body); color: var(--black); line-height: 1.4; }\r\n\r\n\/* Services *\/\r\n.templo-hero .items, .items-3 {\r\n  position: relative;\r\n  margin: var(--space-lg) auto;\r\n  max-width: 90vw;\r\n  display: flex;\r\n  flex-direction: column;\r\n  align-items: center;\r\n  gap: var(--space-lg);\r\n  padding: 20px;\r\n  background: rgba(255,255,255,.5);\r\n  border-radius: var(--radius-md);\r\n  -webkit-backdrop-filter: blur(8px) brightness(100%);\r\n  backdrop-filter: blur(8px) brightness(100%);\r\n  z-index: 2;\r\n}\r\n\r\n.templo-hero .element { display: flex; flex-direction: column; align-items: center; gap: var(--space-sm); width: 100%; max-width: 280px; }\r\n.templo-hero .icon { width: 60px; height: 60px; }\r\n.templo-hero .text-3 { display: flex; flex-direction: column; align-items: center; gap: var(--space-xs); }\r\n.templo-hero .text-wrapper-4 { font-family: var(--font-coco); font-weight: 300; font-size: var(--fs-h3); color: var(--dark-blue); text-align: center; }\r\n.templo-hero .text-wrapper-5 { font-family: var(--font-poppins); font-weight: 500; color: var(--black); font-size: var(--fs-body); text-align: center; line-height: 1.3; }\r\n\r\n\/* Base: Mobile (<= 767px) maps to first main *\/\r\n@media (max-width: 767px) {  \r\n  .templo-hero .title { position: absolute; top: 154px; left: 11px; max-width: calc(100% - 22px); gap: 32px; }\r\n  .templo-hero .culto-de-prazer-ref { font-size: 36px; line-height: 64px; max-width: 809px; text-shadow: var(--shadow-text); color: var(--brand); }\r\n  .templo-hero .button .div-wrapper { width: 120px; height: 60px; }\r\n\r\n  .templo-hero .templo-well-bkg { top: 220px;  left: 50%;\r\n    transform: translateX(-50%); width: auto; height: 1251px; opacity: 1; object-fit: cover; }\r\n\r\n  .templo-hero .items, .items-3 {  left: 50%;\r\n    transform: translateX(-50%); position: absolute; gap: 40px; border-radius: 16px; }\r\n  \/*SIZE variation for home or events*\/\r\n.templo-hero .items {\r\n    width: 342px; height: 257px; top: 921px;\r\n}\r\n.templo-hero .items-3 {\r\n    width: 342px; height: 855px; top: 521px\r\n}\r\n  .templo-hero .icon { width: 72px; height: 72px; }\r\n  .templo-hero .text-wrapper-4 { font-size: 36px; }\r\n\r\n  \/* Hide testimony on mobile *\/\r\n  .templo-hero .testimony { display: none; }\r\n\r\n  \/* Mobile: place each card at original absolute positions *\/\r\n  .templo-hero .text { position: absolute; top: 1329px; left: 8px; width: 334.05px; height: 244.15px; }\r\n  .templo-hero .text-2 { position: absolute; top: 1590px; left: 8px; width: 334px; height: 195px; }\r\n  .templo-hero .div { font-size: 24px; }\r\n  .templo-hero .p { font-size: 14px; }\r\n}\r\n\r\n\/* Tablet (768 - 1023) maps to second main *\/\r\n@media (min-width: 768px) and (max-width: 1023px) {\r\n  .templo-hero { min-height: 900px; }\r\n  .templo-hero .accent-rect { display: block; }\r\n  \/* Blue rectangle 643x843 positioned with left margin like original *\/\r\n  .templo-hero .accent-rect::before { width: 643px; height: 843px; left: 562px; top: 0; }\r\n\r\n  .templo-hero .title { position: absolute; top: 155px; left: 21px; height: auto; }\r\n  .templo-hero .culto-de-prazer-ref { font-size: 56px; line-height: 80px; }\r\n  .templo-hero .button .div-wrapper { width: 180px; height: 60px; }\r\n\r\n  .templo-hero .templo-well-bkg { top: 221px; left: 0; width: 768px; height: 877px; opacity: 1; object-fit: cover; }\r\n\r\n  .templo-hero .items, .items-3 { position: absolute; top: 492px; left: 36px; flex-direction: row; gap: 40px; }\r\n  \/*SIZE variation for home or events*\/\r\n.templo-hero .items {\r\n    width: 300px; height: 257px;\r\n}\r\n.templo-hero .items-3 {\r\n    width: 655px; height: 257px;\r\n}\r\n  \/* Tablet: absolute position to match original *\/\r\n  .templo-hero .text { position: absolute; top: 840px; left: 73px; width: 334px; height: 244px; }\r\n  .templo-hero .text-2 { position: absolute; top: 873px; left: 420px; width: 334px; height: 195px; }\r\n}\r\n\r\n\/* Desktop small (1024 - 1439) maps to third main *\/\r\n@media (min-width: 1024px) and (max-width: 1439px) {\r\n  .templo-hero { min-height: 843px; }\r\n  .templo-hero .accent-rect { display: block; }\r\n  .templo-hero .accent-rect::before { width: 643px; height: 843px; left: 653px; top: 0; }\r\n  .templo-hero .title { position: absolute; top: 155px; left: 21px; }\r\n  .templo-hero .culto-de-prazer-ref { font-size: 64px; line-height: 80px; }\r\n  .templo-hero .templo-well-bkg { top: 38px; left: 31px; width: 993px; height: 805px; opacity: 1; }\r\n  .templo-hero .items, .items-3 { position: absolute; top: 445px; left: 11px; flex-direction: row; }\r\n  \/*SIZE variation for home or events*\/\r\n.templo-hero .items {\r\n    width: 300px; height: 257px;\r\n}\r\n.templo-hero .items-3 {\r\n    width: 655px; height: 257px;\r\n}\r\n  \/* Desktop small: position card *\/\r\n  .templo-hero .text { position: absolute; top: 378px; left: 681px; width: 334.05px; height: 244.15px; }\r\n  .templo-hero .text-2 { position: absolute; top: 636px; left: 681px; width: 334.05px; height: 194.66px; }\r\n}\r\n\r\n\/* Desktop large (>= 1440) maps to fourth main *\/\r\n@media (min-width: 1440px) {\r\n  .templo-hero { min-height: 938px; }\r\n  .templo-hero .accent-rect { display: block; }\r\n  .templo-hero .accent-rect::before { width: 635px; height: 820px; left: 965px; top: 0; }\r\n  .templo-hero .title { position: absolute; top: 190px; left: 70px; }\r\n  .templo-hero .culto-de-prazer-ref { font-size: 64px; line-height: 80px; }\r\n  .templo-hero .templo-well-bkg { top: 38px; left: 151px; width: 1289px; height: 900px; opacity: 1; }\r\n  .templo-hero .items, .items-3 { position: absolute; top: 508px; left: 70px; flex-direction: row; }\r\n  \/*SIZE variation for home or events*\/\r\n.templo-hero .items {\r\n    width: 300px; height: 257px;\r\n}\r\n.templo-hero .items-3 {\r\n    width: 655px; height: 257px;\r\n}\r\n  \/* Desktop large: position card *\/\r\n  .templo-hero .text { position: absolute; top: 455px; left: 1071px; width: 334.05px; height: 244.15px; }\r\n  .templo-hero .text-2 { position: absolute; top: 712px; left: 988px; width: 334.05px; height: 194.66px; }\r\n}\r\n\r\n<\/style>\r\n<main class=\"templo-hero\">\r\n  <div class=\"accent-rect\" aria-hidden=\"true\"><\/div>\r\n  <img decoding=\"async\"\r\n    class=\"templo-well-bkg\"\r\n    src=\"\/wp-content\/uploads\/2025\/09\/templo-well-bkg2.png\"\r\n    alt=\"Fundo do Templo Wellness\"\r\n  \/>\r\n\r\n  <section class=\"title\">\r\n    <h1 class=\"culto-de-prazer-ref\">PARTY EVENTS<\/h1>\r\n    <button class=\"button\" type=\"button\" aria-label=\"Register on the site\" onclick=\"window.open('https:\/\/gclub.pt\/registo','_blank')\">\r\n      <span class=\"div-wrapper\">\r\n        <span class=\"text-wrapper\">Register<\/span>\r\n      <\/span>\r\n    <\/button>\r\n  <\/section>\r\n\r\n  <aside class=\"testimony\" aria-label=\"Testimonials\">\r\n    <article class=\"text\">\r\n      <img decoding=\"async\" class=\"image\" src=\"\/wp-content\/uploads\/2025\/09\/asp.svg\" alt=\"\u00cdcone decorativo\" aria-hidden=\"true\" \/>\r\n      <h2 class=\"div\">SWING ESSENCE<\/h2>\r\n      <p class=\"p\">\r\n        Party Events are dedicated to the essence of swinging, where couples can explore their fantasies and celebrate the freedom to be who they truly are.\r\n      <\/p>\r\n    <\/article>    \r\n  <\/aside>\r\n\r\n  <section class=\"items\" aria-label=\"Services\">\r\n    <article class=\"element\">\r\n      <img decoding=\"async\" class=\"icon\" src=\"\/wp-content\/uploads\/2025\/09\/mask.svg\" alt=\"\u00cdcone Party Events\" \/>\r\n      <div class=\"text-3\">\r\n        <h3 class=\"text-wrapper-4\">PARTY EVENTS<\/h3>\r\n        <p class=\"text-wrapper-5\">Fridays, Saturdays and Holidays<\/p>\r\n      <\/div>\r\n    <\/article>\r\n  <\/section>\r\n<\/main>\r\n\t\t\t\t<\/div>\n\t\t\t\t<\/div>\n\t\t\t\t\t<\/div>\n\t\t<\/div>\n\t\t\t\t\t<\/div>\n\t\t<\/section>\n\t\t\t\t<section class=\"elementor-section elementor-top-section elementor-element elementor-element-1268f10 elementor-section-boxed elementor-section-height-default elementor-section-height-default\" data-id=\"1268f10\" data-element_type=\"section\" data-e-type=\"section\">\n\t\t\t\t\t\t<div class=\"elementor-container elementor-column-gap-no\">\n\t\t\t\t\t<div class=\"aux-parallax-section elementor-column elementor-col-100 elementor-top-column elementor-element elementor-element-9a4c08e aux-appear-watch-animation aux-fade-in-up-1\" data-id=\"9a4c08e\" data-element_type=\"column\" data-e-type=\"column\">\n\t\t\t<div class=\"elementor-widget-wrap elementor-element-populated\">\n\t\t\t\t\t\t<div class=\"elementor-element elementor-element-bf9a9a6 bdt-custom-gallery-skin-fedara-style-center elementor-widget elementor-widget-bdt-post-gallery\" data-id=\"bf9a9a6\" data-element_type=\"widget\" data-e-type=\"widget\" data-settings=\"{&quot;columns&quot;:&quot;3&quot;,&quot;columns_tablet&quot;:&quot;2&quot;,&quot;columns_mobile&quot;:&quot;1&quot;}\" data-widget_type=\"bdt-post-gallery.default\">\n\t\t\t\t<div class=\"elementor-widget-container\">\n\t\t\t\t\t\t\t<div class=\"bdt-post-gallery-wrapper\">\n\n\t\t\t\t\t\t<div id=\"bdt-post-gallerybf9a9a6\" class=\"bdt-post-gallery bdt-ep-grid-filter-container bdt-post-gallery-skin-default bdt-grid bdt-grid-medium\" data-bdt-grid=\" masonry: true\" data-settings=\"{&quot;id&quot;:&quot;#bdt-post-gallerybf9a9a6&quot;,&quot;tiltShow&quot;:false}\">\n\n\t\t\t\t\t\t<div class=\"bdt-gallery-item bdt-transition-toggle bdt-width-1-1 bdt-width-1-2@s bdt-width-1-3@m\" data-filter=\"\">\n\t\t\t<div class=\"bdt-post-gallery-inner\" >\n\t\t\t\t\t\t<div class=\"bdt-gallery-thumbnail\">\n\t\t\t<img fetchpriority=\"high\" decoding=\"async\" width=\"1632\" height=\"2037\" src=\"https:\/\/otemplo.pt\/wp-content\/uploads\/2025\/11\/260430-FER-TMP-feriado_02.png\" class=\"attachment-full size-full\" alt=\"V\u00e9spera de Feriado\" srcset=\"https:\/\/otemplo.pt\/wp-content\/uploads\/2025\/11\/260430-FER-TMP-feriado_02.png 1632w, https:\/\/otemplo.pt\/wp-content\/uploads\/2025\/11\/260430-FER-TMP-feriado_02-1231x1536.png 1231w, https:\/\/otemplo.pt\/wp-content\/uploads\/2025\/11\/260430-FER-TMP-feriado_02-10x12.png 10w, https:\/\/otemplo.pt\/wp-content\/uploads\/2025\/11\/260430-FER-TMP-feriado_02-200x250.png 200w\" sizes=\"(max-width: 1632px) 100vw, 1632px\" \/>\t\t<\/div>\n\t\t\t\t<div class=\"bdt-position-cover bdt-overlay bdt-overlay-default bdt-transition-fade\">\n\t\t\t<div class=\"bdt-post-gallery-content\">\n\t\t\t\t<div class=\"bdt-gallery-content-inner\">\n\t\t\t\t\t\t\t<a href=\"https:\/\/otemplo.pt\/en\/feriado\/\" >\n\t\t\t<h4 class=\"bdt-gallery-item-title bdt-margin-remove\">\n\t\t\t\tV\u00e9spera de Feriado\t\t\t<\/h4>\n\t\t<\/a>\n\t\t\t\t\t\t\t\t<div class=\"bdt-flex-inline bdt-gallery-item-link-wrapper\">\n\t\t\t\t\t\t\t\n\t\t\t\t\t\t\t\t\t\t\t\t\t\t\t\t\t\t\t\t\t\t\t<a class=\"bdt-gallery-item-link bdt-link-icon\"\n\t\t\t\t\t\t\t\t\thref=\"https:\/\/otemplo.pt\/en\/feriado\/\" >\n\t\t\t\t\t\t\t\t\t\t\t\t\t\t\t\t\t\t\t<i class=\"ep-icon-link\" aria-hidden=\"true\"><\/i>\n\t\t\t\t\t\t\t\t\t\t\t\t\t\t\t\t\t<\/a>\n\t\t\t\t\t\t\t\t\t\t\t\t\t<\/div>\n\t\t\t\t\t\t\t\t\t<\/div>\n\t\t\t<\/div>\n\t\t<\/div>\n\t\t\t\t\t<\/div>\n\t\t<\/div>\n\t\t\t\t<div class=\"bdt-gallery-item bdt-transition-toggle bdt-width-1-1 bdt-width-1-2@s bdt-width-1-3@m\" data-filter=\"\">\n\t\t\t<div class=\"bdt-post-gallery-inner\" >\n\t\t\t\t\t\t<div class=\"bdt-gallery-thumbnail bdt-gallery-thumbnail\">\n\t\t\t<img decoding=\"async\" width=\"1632\" height=\"2037\" src=\"https:\/\/otemplo.pt\/wp-content\/uploads\/2025\/11\/260501-SEX-TMP-ladies-femme-fatale_02.png\" class=\"attachment-full size-full\" alt=\"Sexta &#8211; Ladies -Night\" srcset=\"https:\/\/otemplo.pt\/wp-content\/uploads\/2025\/11\/260501-SEX-TMP-ladies-femme-fatale_02.png 1632w, https:\/\/otemplo.pt\/wp-content\/uploads\/2025\/11\/260501-SEX-TMP-ladies-femme-fatale_02-1231x1536.png 1231w, https:\/\/otemplo.pt\/wp-content\/uploads\/2025\/11\/260501-SEX-TMP-ladies-femme-fatale_02-10x12.png 10w, https:\/\/otemplo.pt\/wp-content\/uploads\/2025\/11\/260501-SEX-TMP-ladies-femme-fatale_02-200x250.png 200w\" sizes=\"(max-width: 1632px) 100vw, 1632px\" \/>\t\t<\/div>\n\t\t\t\t<div class=\"bdt-position-cover bdt-overlay bdt-overlay-default bdt-transition-fade\">\n\t\t\t<div class=\"bdt-post-gallery-content\">\n\t\t\t\t<div class=\"bdt-gallery-content-inner\">\n\t\t\t\t\t\t\t<a href=\"https:\/\/otemplo.pt\/en\/sexta\/\" >\n\t\t\t<h4 class=\"bdt-gallery-item-title bdt-margin-remove\">\n\t\t\t\tSexta &#8211; Ladies -Night\t\t\t<\/h4>\n\t\t<\/a>\n\t\t\t\t\t\t\t\t<div class=\"bdt-flex-inline bdt-gallery-item-link-wrapper\">\n\t\t\t\t\t\t\t\n\t\t\t\t\t\t\t\t\t\t\t\t\t\t\t\t\t\t\t\t\t\t\t<a class=\"bdt-gallery-item-link bdt-link-icon\"\n\t\t\t\t\t\t\t\t\thref=\"https:\/\/otemplo.pt\/en\/sexta\/\" >\n\t\t\t\t\t\t\t\t\t\t\t\t\t\t\t\t\t\t\t<i class=\"ep-icon-link\" aria-hidden=\"true\"><\/i>\n\t\t\t\t\t\t\t\t\t\t\t\t\t\t\t\t\t<\/a>\n\t\t\t\t\t\t\t\t\t\t\t\t\t<\/div>\n\t\t\t\t\t\t\t\t\t<\/div>\n\t\t\t<\/div>\n\t\t<\/div>\n\t\t\t\t\t<\/div>\n\t\t<\/div>\n\t\t\t\t<div class=\"bdt-gallery-item bdt-transition-toggle bdt-width-1-1 bdt-width-1-2@s bdt-width-1-3@m\" data-filter=\"\">\n\t\t\t<div class=\"bdt-post-gallery-inner\" >\n\t\t\t\t\t\t<div class=\"bdt-gallery-thumbnail bdt-gallery-thumbnail bdt-gallery-thumbnail\">\n\t\t\t<img decoding=\"async\" width=\"1632\" height=\"2037\" src=\"https:\/\/otemplo.pt\/wp-content\/uploads\/2025\/10\/260502-SAB-TMP-saints-and-sinners_02.png\" class=\"attachment-full size-full\" alt=\"S\u00e1bado &#8211; Party Event\" srcset=\"https:\/\/otemplo.pt\/wp-content\/uploads\/2025\/10\/260502-SAB-TMP-saints-and-sinners_02.png 1632w, https:\/\/otemplo.pt\/wp-content\/uploads\/2025\/10\/260502-SAB-TMP-saints-and-sinners_02-1231x1536.png 1231w, https:\/\/otemplo.pt\/wp-content\/uploads\/2025\/10\/260502-SAB-TMP-saints-and-sinners_02-10x12.png 10w, https:\/\/otemplo.pt\/wp-content\/uploads\/2025\/10\/260502-SAB-TMP-saints-and-sinners_02-200x250.png 200w\" sizes=\"(max-width: 1632px) 100vw, 1632px\" \/>\t\t<\/div>\n\t\t\t\t<div class=\"bdt-position-cover bdt-overlay bdt-overlay-default bdt-transition-fade\">\n\t\t\t<div class=\"bdt-post-gallery-content\">\n\t\t\t\t<div class=\"bdt-gallery-content-inner\">\n\t\t\t\t\t\t\t<a href=\"https:\/\/otemplo.pt\/en\/sabado\/\" >\n\t\t\t<h4 class=\"bdt-gallery-item-title bdt-margin-remove\">\n\t\t\t\tS\u00e1bado &#8211; Party Event\t\t\t<\/h4>\n\t\t<\/a>\n\t\t\t\t\t\t\t\t<div class=\"bdt-flex-inline bdt-gallery-item-link-wrapper\">\n\t\t\t\t\t\t\t\n\t\t\t\t\t\t\t\t\t\t\t\t\t\t\t\t\t\t\t\t\t\t\t<a class=\"bdt-gallery-item-link bdt-link-icon\"\n\t\t\t\t\t\t\t\t\thref=\"https:\/\/otemplo.pt\/en\/sabado\/\" >\n\t\t\t\t\t\t\t\t\t\t\t\t\t\t\t\t\t\t\t<i class=\"ep-icon-link\" aria-hidden=\"true\"><\/i>\n\t\t\t\t\t\t\t\t\t\t\t\t\t\t\t\t\t<\/a>\n\t\t\t\t\t\t\t\t\t\t\t\t\t<\/div>\n\t\t\t\t\t\t\t\t\t<\/div>\n\t\t\t<\/div>\n\t\t<\/div>\n\t\t\t\t\t<\/div>\n\t\t<\/div>\n\t\t\t\t<div class=\"bdt-gallery-item bdt-transition-toggle bdt-width-1-1 bdt-width-1-2@s bdt-width-1-3@m\" data-filter=\"\">\n\t\t\t<div class=\"bdt-post-gallery-inner\" >\n\t\t\t\t\t\t<div class=\"bdt-gallery-thumbnail bdt-gallery-thumbnail bdt-gallery-thumbnail bdt-gallery-thumbnail\">\n\t\t\t<img loading=\"lazy\" decoding=\"async\" width=\"1632\" height=\"2037\" src=\"https:\/\/otemplo.pt\/wp-content\/uploads\/2025\/10\/2605-DOMINGOS-TMP_02.png\" class=\"attachment-full size-full\" alt=\"Domingo &#8211; Matin\u00e9 Event\" srcset=\"https:\/\/otemplo.pt\/wp-content\/uploads\/2025\/10\/2605-DOMINGOS-TMP_02.png 1632w, https:\/\/otemplo.pt\/wp-content\/uploads\/2025\/10\/2605-DOMINGOS-TMP_02-1231x1536.png 1231w, https:\/\/otemplo.pt\/wp-content\/uploads\/2025\/10\/2605-DOMINGOS-TMP_02-10x12.png 10w, https:\/\/otemplo.pt\/wp-content\/uploads\/2025\/10\/2605-DOMINGOS-TMP_02-200x250.png 200w\" sizes=\"(max-width: 1632px) 100vw, 1632px\" \/>\t\t<\/div>\n\t\t\t\t<div class=\"bdt-position-cover bdt-overlay bdt-overlay-default bdt-transition-fade\">\n\t\t\t<div class=\"bdt-post-gallery-content\">\n\t\t\t\t<div class=\"bdt-gallery-content-inner\">\n\t\t\t\t\t\t\t<a href=\"https:\/\/otemplo.pt\/en\/domingo\/\" >\n\t\t\t<h4 class=\"bdt-gallery-item-title bdt-margin-remove\">\n\t\t\t\tSunday \u2013 Matinee Event\t\t\t<\/h4>\n\t\t<\/a>\n\t\t\t\t\t\t\t\t<div class=\"bdt-flex-inline bdt-gallery-item-link-wrapper\">\n\t\t\t\t\t\t\t\n\t\t\t\t\t\t\t\t\t\t\t\t\t\t\t\t\t\t\t\t\t\t\t<a class=\"bdt-gallery-item-link bdt-link-icon\"\n\t\t\t\t\t\t\t\t\thref=\"https:\/\/otemplo.pt\/en\/domingo\/\" >\n\t\t\t\t\t\t\t\t\t\t\t\t\t\t\t\t\t\t\t<i class=\"ep-icon-link\" aria-hidden=\"true\"><\/i>\n\t\t\t\t\t\t\t\t\t\t\t\t\t\t\t\t\t<\/a>\n\t\t\t\t\t\t\t\t\t\t\t\t\t<\/div>\n\t\t\t\t\t\t\t\t\t<\/div>\n\t\t\t<\/div>\n\t\t<\/div>\n\t\t\t\t\t<\/div>\n\t\t<\/div>\n\t\t\n\t\t\t<\/div>\n\t\t<\/div>\n\t\t\t\t\t\t<\/div>\n\t\t\t\t<\/div>\n\t\t\t\t\t<\/div>\n\t\t<\/div>\n\t\t\t\t\t<\/div>\n\t\t<\/section>\n\t\t\t\t<\/div>","protected":false},"excerpt":{"rendered":"<p>PARTY EVENTS Registar ESSENCIA SWING Os Party Events s\u00e3o dedicados \u00e0 ess\u00eancia do swing. onde casais podem explorar as suas fantasias, e celebrar a liberdade de ser quem realmente s\u00e3o. PARTY EVENTS Sextas, S\u00e1bados e Feriados S\u00e1bado &#8211; Return Sexta &#8211; Inaugura\u00e7\u00e3o Domingo &#8211; Matin\u00e9 Event<\/p>","protected":false},"author":1,"featured_media":0,"parent":0,"menu_order":0,"comment_status":"closed","ping_status":"closed","template":"templates\/page-builder-content.php","meta":{"footnotes":""},"class_list":["post-2349","page","type-page","status-publish","hentry"],"_links":{"self":[{"href":"https:\/\/otemplo.pt\/en\/wp-json\/wp\/v2\/pages\/2349","targetHints":{"allow":["GET"]}}],"collection":[{"href":"https:\/\/otemplo.pt\/en\/wp-json\/wp\/v2\/pages"}],"about":[{"href":"https:\/\/otemplo.pt\/en\/wp-json\/wp\/v2\/types\/page"}],"author":[{"embeddable":true,"href":"https:\/\/otemplo.pt\/en\/wp-json\/wp\/v2\/users\/1"}],"replies":[{"embeddable":true,"href":"https:\/\/otemplo.pt\/en\/wp-json\/wp\/v2\/comments?post=2349"}],"version-history":[{"count":88,"href":"https:\/\/otemplo.pt\/en\/wp-json\/wp\/v2\/pages\/2349\/revisions"}],"predecessor-version":[{"id":2724,"href":"https:\/\/otemplo.pt\/en\/wp-json\/wp\/v2\/pages\/2349\/revisions\/2724"}],"wp:attachment":[{"href":"https:\/\/otemplo.pt\/en\/wp-json\/wp\/v2\/media?parent=2349"}],"curies":[{"name":"wp","href":"https:\/\/api.w.org\/{rel}","templated":true}]}}